


{"id":4766,"date":"2020-11-12T14:57:25","date_gmt":"2020-11-12T13:57:25","guid":{"rendered":"https:\/\/palaciodesamaniego.com\/contact\/"},"modified":"2024-03-12T22:29:49","modified_gmt":"2024-03-12T21:29:49","slug":"contact-2","status":"publish","type":"page","link":"https:\/\/www.palaciodesamaniego.com\/en\/contact-2\/","title":{"rendered":"Contact"},"content":{"rendered":"\t\t<div data-elementor-type=\"wp-post\" data-elementor-id=\"4766\" class=\"elementor elementor-4766 elementor-704\">\n\t\t\t\t\t\t<section class=\"elementor-section elementor-top-section elementor-element elementor-element-70f9840 elementor-section-stretched elementor-section-height-min-height elementor-section-boxed elementor-section-height-default elementor-section-items-middle\" data-id=\"70f9840\" data-element_type=\"section\" data-settings=\"{&quot;stretch_section&quot;:&quot;section-stretched&quot;,&quot;background_background&quot;:&quot;classic&quot;}\">\n\t\t\t\t\t\t\t<div class=\"elementor-background-overlay\"><\/div>\n\t\t\t\t\t\t\t<div class=\"elementor-container elementor-column-gap-default\">\n\t\t\t\t\t<div class=\"elementor-column elementor-col-100 elementor-top-column elementor-element elementor-element-72737c9\" data-id=\"72737c9\" data-element_type=\"column\">\n\t\t\t<div class=\"elementor-widget-wrap elementor-element-populated\">\n\t\t\t\t\t\t<div class=\"elementor-element elementor-element-4f195a9 elementor-invisible elementor-widget elementor-widget-heading\" data-id=\"4f195a9\" data-element_type=\"widget\" data-settings=\"{&quot;_animation&quot;:&quot;fadeInUp&quot;,&quot;_animation_delay&quot;:200}\" data-widget_type=\"heading.default\">\n\t\t\t\t<div class=\"elementor-widget-container\">\n\t\t\t<h2 class=\"elementor-heading-title elementor-size-default\">Pour toutes demandes<\/h2>\t\t<\/div>\n\t\t\t\t<\/div>\n\t\t\t\t<div class=\"elementor-element elementor-element-e80c91a elementor-invisible elementor-widget elementor-widget-heading\" data-id=\"e80c91a\" data-element_type=\"widget\" data-settings=\"{&quot;_animation&quot;:&quot;fadeInUp&quot;,&quot;_animation_delay&quot;:200}\" data-widget_type=\"heading.default\">\n\t\t\t\t<div class=\"elementor-widget-container\">\n\t\t\t<h2 class=\"elementor-heading-title elementor-size-default\">Contact<\/h2>\t\t<\/div>\n\t\t\t\t<\/div>\n\t\t\t\t\t<\/div>\n\t\t<\/div>\n\t\t\t\t\t<\/div>\n\t\t<\/section>\n\t\t\t\t<section class=\"elementor-section elementor-top-section elementor-element elementor-element-468eb16 animated-fast elementor-section-boxed elementor-section-height-default elementor-section-height-default elementor-invisible\" data-id=\"468eb16\" data-element_type=\"section\" data-settings=\"{&quot;background_background&quot;:&quot;classic&quot;,&quot;shape_divider_bottom&quot;:&quot;arrow&quot;,&quot;animation&quot;:&quot;fadeIn&quot;}\">\n\t\t\t\t\t<div class=\"elementor-shape elementor-shape-bottom\" data-negative=\"false\">\n\t\t\t<svg xmlns=\"http:\/\/www.w3.org\/2000\/svg\" viewBox=\"0 0 700 10\" preserveAspectRatio=\"none\">\n\t<path class=\"elementor-shape-fill\" d=\"M350,10L340,0h20L350,10z\"\/>\n<\/svg>\t\t<\/div>\n\t\t\t\t\t<div class=\"elementor-container elementor-column-gap-wide\">\n\t\t\t\t\t<div class=\"elementor-column elementor-col-50 elementor-top-column elementor-element elementor-element-a89b920 elementor-invisible\" data-id=\"a89b920\" data-element_type=\"column\" data-settings=\"{&quot;animation&quot;:&quot;fadeInLeft&quot;,&quot;animation_delay&quot;:200}\">\n\t\t\t<div class=\"elementor-widget-wrap elementor-element-populated\">\n\t\t\t\t\t\t<div class=\"elementor-element elementor-element-fc5bbf5 elementor-widget elementor-widget-heading\" data-id=\"fc5bbf5\" data-element_type=\"widget\" data-widget_type=\"heading.default\">\n\t\t\t\t<div class=\"elementor-widget-container\">\n\t\t\t<h2 class=\"elementor-heading-title elementor-size-default\">Samaniego Luxury Resort<\/h2>\t\t<\/div>\n\t\t\t\t<\/div>\n\t\t\t\t<div class=\"elementor-element elementor-element-04913d9 elementor-widget elementor-widget-text-editor\" data-id=\"04913d9\" data-element_type=\"widget\" data-widget_type=\"text-editor.default\">\n\t\t\t\t<div class=\"elementor-widget-container\">\n\t\t\t\t\t\t\t<p class=\"p1\">Calle Constituci\u00f3n 12, <br \/>01307 Samaniego, \u00c1lava. Spain.<\/p>\t\t\t\t\t\t<\/div>\n\t\t\t\t<\/div>\n\t\t\t\t\t<\/div>\n\t\t<\/div>\n\t\t\t\t<div class=\"elementor-column elementor-col-50 elementor-top-column elementor-element elementor-element-6f055a5 elementor-invisible\" data-id=\"6f055a5\" data-element_type=\"column\" data-settings=\"{&quot;animation&quot;:&quot;fadeInLeft&quot;,&quot;animation_delay&quot;:400}\">\n\t\t\t<div class=\"elementor-widget-wrap elementor-element-populated\">\n\t\t\t\t\t\t<div class=\"elementor-element elementor-element-12efe4e elementor-widget elementor-widget-heading\" data-id=\"12efe4e\" data-element_type=\"widget\" data-widget_type=\"heading.default\">\n\t\t\t\t<div class=\"elementor-widget-container\">\n\t\t\t<h2 class=\"elementor-heading-title elementor-size-default\">Contact<\/h2>\t\t<\/div>\n\t\t\t\t<\/div>\n\t\t\t\t<div class=\"elementor-element elementor-element-d9c9214 elementor-widget elementor-widget-text-editor\" data-id=\"d9c9214\" data-element_type=\"widget\" data-widget_type=\"text-editor.default\">\n\t\t\t\t<div class=\"elementor-widget-container\">\n\t\t\t\t\t\t\t<p class=\"p1\"><a class=\"phone-en\" style=\"font-family: Lato, sans-serif; font-size: 16px; font-style: normal; font-weight: 400; color: #fff;\" href=\"tel: +34 945 66 00 00\" target=\"_blank\" rel=\"noopener\">+34 945 66 00 00<\/a><\/p><p><a class=\"mail-fr\" style=\"font-family: Lato, sans-serif; font-size: 16px; font-style: normal; font-weight: 400; color: #fff;\" href=\"mailto: reservas@palaciodesamaniego.com\" target=\"_blank\" rel=\"noopener\">reservas@palaciodesamaniego.com<\/a><\/p>\t\t\t\t\t\t<\/div>\n\t\t\t\t<\/div>\n\t\t\t\t\t<\/div>\n\t\t<\/div>\n\t\t\t\t\t<\/div>\n\t\t<\/section>\n\t\t\t\t<section class=\"elementor-section elementor-top-section elementor-element elementor-element-b73f688 elementor-section-boxed elementor-section-height-default elementor-section-height-default\" data-id=\"b73f688\" data-element_type=\"section\">\n\t\t\t\t\t\t<div class=\"elementor-container elementor-column-gap-default\">\n\t\t\t\t\t<div class=\"elementor-column elementor-col-100 elementor-top-column elementor-element elementor-element-dc4a1e0\" data-id=\"dc4a1e0\" data-element_type=\"column\">\n\t\t\t<div class=\"elementor-widget-wrap elementor-element-populated\">\n\t\t\t\t\t\t<div class=\"elementor-element elementor-element-dd07776 elementor-invisible elementor-widget elementor-widget-shortcode\" data-id=\"dd07776\" data-element_type=\"widget\" data-settings=\"{&quot;_animation&quot;:&quot;fadeInUp&quot;}\" data-widget_type=\"shortcode.default\">\n\t\t\t\t<div class=\"elementor-widget-container\">\n\t\t\t\t\t<div class=\"elementor-shortcode\">\n<div class=\"wpcf7 no-js\" id=\"wpcf7-f6-o1\" lang=\"fr-FR\" dir=\"ltr\">\n<div class=\"screen-reader-response\"><p role=\"status\" aria-live=\"polite\" aria-atomic=\"true\"><\/p> <ul><\/ul><\/div>\n<form action=\"\/en\/wp-json\/wp\/v2\/pages\/4766#wpcf7-f6-o1\" method=\"post\" class=\"wpcf7-form init\" aria-label=\"Formulaire de contact\" novalidate=\"novalidate\" data-status=\"init\">\n<div style=\"display: none;\">\n<input type=\"hidden\" name=\"_wpcf7\" value=\"6\" \/>\n<input type=\"hidden\" name=\"_wpcf7_version\" value=\"5.9.3\" \/>\n<input type=\"hidden\" name=\"_wpcf7_locale\" value=\"fr_FR\" \/>\n<input type=\"hidden\" name=\"_wpcf7_unit_tag\" value=\"wpcf7-f6-o1\" \/>\n<input type=\"hidden\" name=\"_wpcf7_container_post\" value=\"0\" \/>\n<input type=\"hidden\" name=\"_wpcf7_posted_data_hash\" value=\"\" \/>\n<\/div>\n<p><label> Nom (*)<br \/>\n<span class=\"wpcf7-form-control-wrap\" data-name=\"your-name\"><input size=\"40\" class=\"wpcf7-form-control wpcf7-text wpcf7-validates-as-required\" aria-required=\"true\" aria-invalid=\"false\" value=\"\" type=\"text\" name=\"your-name\" \/><\/span> <\/label>\n<\/p>\n<p><label> Email (*)<br \/>\n<span class=\"wpcf7-form-control-wrap\" data-name=\"your-email\"><input size=\"40\" class=\"wpcf7-form-control wpcf7-email wpcf7-validates-as-required wpcf7-text wpcf7-validates-as-email\" aria-required=\"true\" aria-invalid=\"false\" value=\"\" type=\"email\" name=\"your-email\" \/><\/span> <\/label>\n<\/p>\n<p><label> T\u00e9l\u00e9phone<br \/>\n<span class=\"wpcf7-form-control-wrap\" data-name=\"phone\"><input size=\"40\" class=\"wpcf7-form-control wpcf7-text\" aria-invalid=\"false\" value=\"\" type=\"text\" name=\"phone\" \/><\/span> <\/label>\n<\/p>\n<p><label> Votre Message (*)<br \/>\n<span class=\"wpcf7-form-control-wrap\" data-name=\"your-message\"><textarea cols=\"40\" rows=\"10\" class=\"wpcf7-form-control wpcf7-textarea wpcf7-validates-as-required\" aria-required=\"true\" aria-invalid=\"false\" name=\"your-message\"><\/textarea><\/span> <\/label>\n<\/p>\n<p><input class=\"wpcf7-form-control wpcf7-submit has-spinner\" type=\"submit\" value=\"Envoyer\" \/>\n<\/p><div class=\"wpcf7-response-output\" aria-hidden=\"true\"><\/div>\n<\/form>\n<\/div>\n<\/div>\n\t\t\t\t<\/div>\n\t\t\t\t<\/div>\n\t\t\t\t<div class=\"elementor-element elementor-element-b086500 elementor-widget elementor-widget-heading\" data-id=\"b086500\" data-element_type=\"widget\" data-widget_type=\"heading.default\">\n\t\t\t\t<div class=\"elementor-widget-container\">\n\t\t\t<h6 class=\"elementor-heading-title elementor-size-default\">Vos donn\u00e9es personnelles sont collect\u00e9es et trait\u00e9es par Samaniego Luxury Resort, Soci\u00e9t\u00e9 de droit Espagnol, dont le si\u00e8ge social est situ\u00e9 01307 Samaniego (Alava), Calle Constitucion number 12, Espana, et dont le num\u00e9ro d\u2019identification fiscale est le B-95.984.431 en qualit\u00e9 de responsable de traitement, \u00e0 des fins de gestion de votre demande de contact. Les informations demand\u00e9es ont un caract\u00e8re obligatoire et sont n\u00e9cessaires afin que nous puissions traiter votre demande.Conform\u00e9ment \u00e0 la r\u00e8glementation applicable et en particulier le r\u00e8glement 2016\/679\/UE du 27 avril 2016 dit \u00ab RGPD \u00bb, la collecte et le traitement de vos donn\u00e9es dans le cadre de cette finalit\u00e9 ont pour base l\u00e9gale l\u2019int\u00e9r\u00eat l\u00e9gitime (article 6.1.f du RGPD).Ces donn\u00e9es sont conserv\u00e9es pour une dur\u00e9e de 3 ans n\u00e9cessaire \u00e0 l\u2019accomplissement des finalit\u00e9s mentionn\u00e9es ci-dessus et eu \u00e9gard \u00e0 la prescription en vigueur et aux obligations l\u00e9gales de conservation de certains contrats\/donn\u00e9es. Elles sont uniquement destin\u00e9es \u00e0 Samaniego Luxury Resort.Conform\u00e9ment \u00e0 la l\u00e9gislation en vigueur, vous disposez d\u2019un droit d\u2019acc\u00e8s, de rectification et d\u2019effacement des donn\u00e9es vous concernant, d\u2019un droit \u00e0 la portabilit\u00e9 de ces donn\u00e9es ainsi qu\u2019un droit de limitation du traitement. Vous disposez \u00e9galement du droit de d\u00e9finir des directives relatives au sort de ces donn\u00e9es apr\u00e8s votre mort.Vous pouvez exercer l\u2019ensemble de ces droits en nous adressant  un mail \u00e0 l\u2019adresse suivante : reservas@palaciodesamaniego.com ; ou un courrier postal \u00e0 l\u2019adresse suivante : PALACIO DE SAMANIEGO, Samaniego Luxury Resort, S.L.U.,01307 Samaniego (Alava), Calle Constitucion number 12, Espana. Votre demande devra \u00eatre accompagn\u00e9e d\u2019un justificatif d\u2019identit\u00e9.Vous disposez \u00e9galement du droit d\u2019introduire une r\u00e9clamation aupr\u00e8s de la Agencia Espa\u00f1ola de Protecci\u00f3n de Datos (AEPD ), notamment sur son site internet https:\/\/www.aepd.es\/es.Pour toute information sur la protection des donn\u00e9es personnelles, vous pouvez consulter le site de l\u2019AEPD : https:\/\/www.aepd.es\/es.<\/h6>\t\t<\/div>\n\t\t\t\t<\/div>\n\t\t\t\t\t<\/div>\n\t\t<\/div>\n\t\t\t\t\t<\/div>\n\t\t<\/section>\n\t\t\t\t<section class=\"elementor-section elementor-top-section elementor-element elementor-element-a1acfab elementor-section-stretched elementor-section-boxed elementor-section-height-default elementor-section-height-default\" data-id=\"a1acfab\" data-element_type=\"section\" data-settings=\"{&quot;stretch_section&quot;:&quot;section-stretched&quot;,&quot;background_background&quot;:&quot;classic&quot;}\">\n\t\t\t\t\t\t<div class=\"elementor-container elementor-column-gap-default\">\n\t\t\t\t\t<div class=\"elementor-column elementor-col-100 elementor-top-column elementor-element elementor-element-073716f\" data-id=\"073716f\" data-element_type=\"column\">\n\t\t\t<div class=\"elementor-widget-wrap elementor-element-populated\">\n\t\t\t\t\t\t<section class=\"elementor-section elementor-inner-section elementor-element elementor-element-cf6608d elementor-section-boxed elementor-section-height-default elementor-section-height-default\" data-id=\"cf6608d\" data-element_type=\"section\">\n\t\t\t\t\t\t<div class=\"elementor-container elementor-column-gap-default\">\n\t\t\t\t\t<div class=\"elementor-column elementor-col-100 elementor-inner-column elementor-element elementor-element-f91f8e6\" data-id=\"f91f8e6\" data-element_type=\"column\">\n\t\t\t<div class=\"elementor-widget-wrap elementor-element-populated\">\n\t\t\t\t\t\t<div class=\"elementor-element elementor-element-b686430 elementor-invisible elementor-widget elementor-widget-heading\" data-id=\"b686430\" data-element_type=\"widget\" data-settings=\"{&quot;_animation&quot;:&quot;fadeInUp&quot;}\" data-widget_type=\"heading.default\">\n\t\t\t\t<div class=\"elementor-widget-container\">\n\t\t\t<span class=\"elementor-heading-title elementor-size-default\"><p style=\"font-style: normal; font-variant-numeric: normal; font-variant-east-asian: normal; font-weight: 400; font-stretch: normal; font-size: 14px; line-height: normal; font-family: Marcellus; color: rgb(213, 0, 49); white-space: normal;\"><\/p><span style=\"color: rgb(205, 46, 68); font-family: Marcellus, sans-serif; font-size: 20px; font-style: normal; font-weight: 500; letter-spacing: 3px; text-transform: uppercase;\">Une r\u00e9gion naturelle et pr\u00e9serv\u00e9e, au patrimoine viticole riche<\/span><\/span>\t\t<\/div>\n\t\t\t\t<\/div>\n\t\t\t\t<div class=\"elementor-element elementor-element-0d0da88 elementor-invisible elementor-widget elementor-widget-heading\" data-id=\"0d0da88\" data-element_type=\"widget\" data-settings=\"{&quot;_animation&quot;:&quot;fadeInUp&quot;,&quot;_animation_delay&quot;:200}\" data-widget_type=\"heading.default\">\n\t\t\t\t<div class=\"elementor-widget-container\">\n\t\t\t<h2 class=\"elementor-heading-title elementor-size-default\">Profitez de votre s\u00e9jour pour <span style=\"font-style:italic; font-weight: 500;color:#CD2E44\">d\u00e9couvrir les richesses<\/span> de la plus vieille <span style=\"font-style:italic; font-weight: 500; color:#CD2E44\">r\u00e9gion viticole d'Espagne<\/span><\/h2>\t\t<\/div>\n\t\t\t\t<\/div>\n\t\t\t\t<div class=\"elementor-element elementor-element-0197cf7 elementor-invisible elementor-widget elementor-widget-text-editor\" data-id=\"0197cf7\" data-element_type=\"widget\" data-settings=\"{&quot;_animation&quot;:&quot;fadeInUp&quot;,&quot;_animation_delay&quot;:400}\" data-widget_type=\"text-editor.default\">\n\t\t\t\t<div class=\"elementor-widget-container\">\n\t\t\t\t\t\t\t<p><span style=\"color: #ffffff; font-family: Lato, sans-serif; font-size: 16px; font-style: normal; font-weight: 300; white-space: pre-wrap;\">Eveillez-vos sens avec un cours de cuisine donn\u00e9 par notre chef, un d\u00eener priv\u00e9 dans notre cave ou une visite de notre bodega Mac\u00e1<\/span><span style=\"font-family: Lato, sans-serif; font-size: 16px; font-style: normal; font-weight: 300; white-space: pre-wrap; letter-spacing: 0px;\">n. Explorez les vignes alentours \u00e0 pied ou \u00e0 v\u00e9lo, d\u00e9couvrez des points de vue spectaculaires sur les vignobles et fl\u00e2nez dans les villages environnants pour d\u00e9couvrir la richesse culturelle d&#8217;une r\u00e9gion encore pr\u00e9serv\u00e9e.<\/span><\/p>\n\t\t\t\t\t\t<\/div>\n\t\t\t\t<\/div>\n\t\t\t\t\t<\/div>\n\t\t<\/div>\n\t\t\t\t\t<\/div>\n\t\t<\/section>\n\t\t\t\t<div class=\"elementor-element elementor-element-35e4cc7 elementor-invisible elementor-widget elementor-widget-hoteller-slider-synchronized-carousel\" data-id=\"35e4cc7\" data-element_type=\"widget\" data-settings=\"{&quot;_animation&quot;:&quot;fadeIn&quot;,&quot;_animation_delay&quot;:800}\" data-widget_type=\"hoteller-slider-synchronized-carousel.default\">\n\t\t\t\t<div class=\"elementor-widget-container\">\n\t\t\t<div id=\"tg_synchronized_carousel_slider_35e4cc7\" data-pagination=\"tg_synchronized_carousel_pagination_35e4cc7\" class=\"tg_synchronized_carousel_slider_wrapper sliders-container\" data-countslide=\"4\" data-slidetitles=\"[&quot;Randonn\\u00e9e dans les vignes&quot;,&quot;Balade en kayak&quot;,&quot;Randonn\\u00e9e \\u00e0 cheval&quot;,&quot;Vol en montgolfi\\u00e8re&quot;]\" data-slideimages=\"[&quot;https:\\\/\\\/www.palaciodesamaniego.com\\\/wp-content\\\/uploads\\\/2020\\\/11\\\/edrh-samaniego-palacio-desktop-activite-04.jpg&quot;,&quot;https:\\\/\\\/www.palaciodesamaniego.com\\\/wp-content\\\/uploads\\\/2020\\\/11\\\/edrh-samaniego-palacio-desktop-activite-01-1.jpg&quot;,&quot;https:\\\/\\\/www.palaciodesamaniego.com\\\/wp-content\\\/uploads\\\/2020\\\/11\\\/edrh-samaniego-palacio-desktop-activite-03.jpg&quot;,&quot;https:\\\/\\\/www.palaciodesamaniego.com\\\/wp-content\\\/uploads\\\/2020\\\/11\\\/edrh-samaniego-palacio-desktop-activite-02.jpg&quot;]\" data-slidebuttontitles=\"[&quot;D\\u00e9couvrez l&#039;activit\\u00e9&quot;,&quot;D\\u00e9couvrez l&#039;activit\\u00e9&quot;,&quot;D\\u00e9couvrez l&#039;activit\\u00e9&quot;,&quot;D\\u00e9couvrez l&#039;activit\\u00e9&quot;]\" data-slidebuttonurls=\"[&quot;nos-activites\\\/\\\/#activite-1&quot;,&quot;nos-activites\\\/\\\/#activite-2&quot;,&quot;nos-activites\\\/\\\/#activite-3&quot;,&quot;nos-activites\\\/\\\/#activite-4&quot;]\">\n\t<ul id=\"tg_synchronized_carousel_pagination_35e4cc7\" class=\"tg_synchronized_carousel_pagination\">\n\t\n\t\t<li class=\"pagination__item\"><a class=\"pagination__button\"><\/a><\/li>\n\t\t<li class=\"pagination__item\"><a class=\"pagination__button\"><\/a><\/li>\n\t\t<li class=\"pagination__item\"><a class=\"pagination__button\"><\/a><\/li>\n\t\t<li class=\"pagination__item\"><a class=\"pagination__button\"><\/a><\/li>\n\t<\/ul>\n<\/div>\n<br class=\"clear\"\/>\n\t\t<\/div>\n\t\t\t\t<\/div>\n\t\t\t\t\t<\/div>\n\t\t<\/div>\n\t\t\t\t\t<\/div>\n\t\t<\/section>\n\t\t\t\t<\/div>\n\t\t","protected":false},"excerpt":{"rendered":"<p>Pour toutes demandes Contact Samaniego Luxury Resort Calle Constituci\u00f3n 12, 01307 Samaniego, \u00c1lava. Spain. Contact +34 945 66 00 00 reservas@palaciodesamaniego.com Vos donn\u00e9es personnelles sont collect\u00e9es et trait\u00e9es par Samaniego Luxury Resort, Soci\u00e9t\u00e9 de droit Espagnol, dont le si\u00e8ge social [&hellip;]<\/p>\n","protected":false},"author":3,"featured_media":0,"parent":0,"menu_order":0,"comment_status":"closed","ping_status":"closed","template":"","meta":{"footnotes":""},"yoast_head":"<!-- This site is optimized with the Yoast SEO plugin v22.4 - https:\/\/yoast.com\/wordpress\/plugins\/seo\/ -->\n<title>Contact | Hotel 4* Palacio de Samaniego | Rioja Alavesa, Spain<\/title>\n<meta name=\"description\" content=\"For any information request, please contact us on the internet or by phone. Palacio de Samaniego, 4* hotel in Rioja Alavesa.\" \/>\n<meta name=\"robots\" content=\"index, follow, max-snippet:-1, max-image-preview:large, max-video-preview:-1\" \/>\n<link rel=\"canonical\" href=\"https:\/\/www.palaciodesamaniego.com\/fr\/contact\/\" \/>\n<meta property=\"og:locale\" content=\"en_US\" \/>\n<meta property=\"og:type\" content=\"article\" \/>\n<meta property=\"og:title\" content=\"Contact | Hotel 4* Palacio de Samaniego | Rioja Alavesa, Spain\" \/>\n<meta property=\"og:description\" content=\"For any information request, please contact us on the internet or by phone. Palacio de Samaniego, 4* hotel in Rioja Alavesa.\" \/>\n<meta property=\"og:url\" content=\"https:\/\/www.palaciodesamaniego.com\/fr\/contact\/\" \/>\n<meta property=\"og:site_name\" content=\"Accueil - Samaniego Palacio Edmond de Rothschild\" \/>\n<meta property=\"article:modified_time\" content=\"2024-03-12T21:29:49+00:00\" \/>\n<meta name=\"twitter:card\" content=\"summary_large_image\" \/>\n<meta name=\"twitter:label1\" content=\"Est. reading time\" \/>\n\t<meta name=\"twitter:data1\" content=\"2 minutes\" \/>\n<script type=\"application\/ld+json\" class=\"yoast-schema-graph\">{\"@context\":\"https:\/\/schema.org\",\"@graph\":[{\"@type\":\"WebPage\",\"@id\":\"https:\/\/www.palaciodesamaniego.com\/fr\/contact\/\",\"url\":\"https:\/\/www.palaciodesamaniego.com\/fr\/contact\/\",\"name\":\"Contact | Hotel 4* Palacio de Samaniego | Rioja Alavesa, Spain\",\"isPartOf\":{\"@id\":\"https:\/\/www.palaciodesamaniego.com\/fr\/#website\"},\"datePublished\":\"2020-11-12T13:57:25+00:00\",\"dateModified\":\"2024-03-12T21:29:49+00:00\",\"description\":\"For any information request, please contact us on the internet or by phone. Palacio de Samaniego, 4* hotel in Rioja Alavesa.\",\"breadcrumb\":{\"@id\":\"https:\/\/www.palaciodesamaniego.com\/fr\/contact\/#breadcrumb\"},\"inLanguage\":\"en-US\",\"potentialAction\":[{\"@type\":\"ReadAction\",\"target\":[\"https:\/\/www.palaciodesamaniego.com\/fr\/contact\/\"]}]},{\"@type\":\"BreadcrumbList\",\"@id\":\"https:\/\/www.palaciodesamaniego.com\/fr\/contact\/#breadcrumb\",\"itemListElement\":[{\"@type\":\"ListItem\",\"position\":1,\"name\":\"Accueil\",\"item\":\"https:\/\/www.palaciodesamaniego.com\/fr\/\"},{\"@type\":\"ListItem\",\"position\":2,\"name\":\"Contact\"}]},{\"@type\":\"WebSite\",\"@id\":\"https:\/\/www.palaciodesamaniego.com\/fr\/#website\",\"url\":\"https:\/\/www.palaciodesamaniego.com\/fr\/\",\"name\":\"Accueil - Samaniego Palacio Edmond de Rothschild\",\"description\":\"\",\"potentialAction\":[{\"@type\":\"SearchAction\",\"target\":{\"@type\":\"EntryPoint\",\"urlTemplate\":\"https:\/\/www.palaciodesamaniego.com\/fr\/?s={search_term_string}\"},\"query-input\":\"required name=search_term_string\"}],\"inLanguage\":\"en-US\"}]}<\/script>\n<!-- \/ Yoast SEO plugin. -->","yoast_head_json":{"title":"Contact | Hotel 4* Palacio de Samaniego | Rioja Alavesa, Spain","description":"For any information request, please contact us on the internet or by phone. Palacio de Samaniego, 4* hotel in Rioja Alavesa.","robots":{"index":"index","follow":"follow","max-snippet":"max-snippet:-1","max-image-preview":"max-image-preview:large","max-video-preview":"max-video-preview:-1"},"canonical":"https:\/\/www.palaciodesamaniego.com\/fr\/contact\/","og_locale":"en_US","og_type":"article","og_title":"Contact | Hotel 4* Palacio de Samaniego | Rioja Alavesa, Spain","og_description":"For any information request, please contact us on the internet or by phone. Palacio de Samaniego, 4* hotel in Rioja Alavesa.","og_url":"https:\/\/www.palaciodesamaniego.com\/fr\/contact\/","og_site_name":"Accueil - Samaniego Palacio Edmond de Rothschild","article_modified_time":"2024-03-12T21:29:49+00:00","twitter_card":"summary_large_image","twitter_misc":{"Est. reading time":"2 minutes"},"schema":{"@context":"https:\/\/schema.org","@graph":[{"@type":"WebPage","@id":"https:\/\/www.palaciodesamaniego.com\/fr\/contact\/","url":"https:\/\/www.palaciodesamaniego.com\/fr\/contact\/","name":"Contact | Hotel 4* Palacio de Samaniego | Rioja Alavesa, Spain","isPartOf":{"@id":"https:\/\/www.palaciodesamaniego.com\/fr\/#website"},"datePublished":"2020-11-12T13:57:25+00:00","dateModified":"2024-03-12T21:29:49+00:00","description":"For any information request, please contact us on the internet or by phone. Palacio de Samaniego, 4* hotel in Rioja Alavesa.","breadcrumb":{"@id":"https:\/\/www.palaciodesamaniego.com\/fr\/contact\/#breadcrumb"},"inLanguage":"en-US","potentialAction":[{"@type":"ReadAction","target":["https:\/\/www.palaciodesamaniego.com\/fr\/contact\/"]}]},{"@type":"BreadcrumbList","@id":"https:\/\/www.palaciodesamaniego.com\/fr\/contact\/#breadcrumb","itemListElement":[{"@type":"ListItem","position":1,"name":"Accueil","item":"https:\/\/www.palaciodesamaniego.com\/fr\/"},{"@type":"ListItem","position":2,"name":"Contact"}]},{"@type":"WebSite","@id":"https:\/\/www.palaciodesamaniego.com\/fr\/#website","url":"https:\/\/www.palaciodesamaniego.com\/fr\/","name":"Accueil - Samaniego Palacio Edmond de Rothschild","description":"","potentialAction":[{"@type":"SearchAction","target":{"@type":"EntryPoint","urlTemplate":"https:\/\/www.palaciodesamaniego.com\/fr\/?s={search_term_string}"},"query-input":"required name=search_term_string"}],"inLanguage":"en-US"}]}},"_links":{"self":[{"href":"https:\/\/www.palaciodesamaniego.com\/en\/wp-json\/wp\/v2\/pages\/4766"}],"collection":[{"href":"https:\/\/www.palaciodesamaniego.com\/en\/wp-json\/wp\/v2\/pages"}],"about":[{"href":"https:\/\/www.palaciodesamaniego.com\/en\/wp-json\/wp\/v2\/types\/page"}],"author":[{"embeddable":true,"href":"https:\/\/www.palaciodesamaniego.com\/en\/wp-json\/wp\/v2\/users\/3"}],"replies":[{"embeddable":true,"href":"https:\/\/www.palaciodesamaniego.com\/en\/wp-json\/wp\/v2\/comments?post=4766"}],"version-history":[{"count":28,"href":"https:\/\/www.palaciodesamaniego.com\/en\/wp-json\/wp\/v2\/pages\/4766\/revisions"}],"predecessor-version":[{"id":6492,"href":"https:\/\/www.palaciodesamaniego.com\/en\/wp-json\/wp\/v2\/pages\/4766\/revisions\/6492"}],"wp:attachment":[{"href":"https:\/\/www.palaciodesamaniego.com\/en\/wp-json\/wp\/v2\/media?parent=4766"}],"curies":[{"name":"wp","href":"https:\/\/api.w.org\/{rel}","templated":true}]}}