


{"id":2674,"date":"2020-10-28T16:25:10","date_gmt":"2020-10-28T15:25:10","guid":{"rendered":"https:\/\/palaciodesamaniego.com\/contact\/"},"modified":"2022-04-05T05:25:09","modified_gmt":"2022-04-05T03:25:09","slug":"contacto","status":"publish","type":"page","link":"https:\/\/www.palaciodesamaniego.com\/es\/contacto\/","title":{"rendered":"Contacto"},"content":{"rendered":"\t\t<div data-elementor-type=\"wp-post\" data-elementor-id=\"2674\" class=\"elementor elementor-2674 elementor-704\">\n\t\t\t\t\t\t<section class=\"elementor-section elementor-top-section elementor-element elementor-element-70f9840 elementor-section-stretched elementor-section-height-min-height elementor-section-boxed elementor-section-height-default elementor-section-items-middle\" data-id=\"70f9840\" data-element_type=\"section\" data-settings=\"{&quot;stretch_section&quot;:&quot;section-stretched&quot;,&quot;background_background&quot;:&quot;classic&quot;}\">\n\t\t\t\t\t\t\t<div class=\"elementor-background-overlay\"><\/div>\n\t\t\t\t\t\t\t<div class=\"elementor-container elementor-column-gap-default\">\n\t\t\t\t\t<div class=\"elementor-column elementor-col-100 elementor-top-column elementor-element elementor-element-72737c9\" data-id=\"72737c9\" data-element_type=\"column\">\n\t\t\t<div class=\"elementor-widget-wrap elementor-element-populated\">\n\t\t\t\t\t\t<div class=\"elementor-element elementor-element-4f195a9 elementor-invisible elementor-widget elementor-widget-heading\" data-id=\"4f195a9\" data-element_type=\"widget\" data-settings=\"{&quot;_animation&quot;:&quot;fadeInUp&quot;,&quot;_animation_delay&quot;:200}\" data-widget_type=\"heading.default\">\n\t\t\t\t<div class=\"elementor-widget-container\">\n\t\t\t<h2 class=\"elementor-heading-title elementor-size-default\">Para cualquier solicitud<\/h2>\t\t<\/div>\n\t\t\t\t<\/div>\n\t\t\t\t<div class=\"elementor-element elementor-element-e80c91a elementor-invisible elementor-widget elementor-widget-heading\" data-id=\"e80c91a\" data-element_type=\"widget\" data-settings=\"{&quot;_animation&quot;:&quot;fadeInUp&quot;,&quot;_animation_delay&quot;:200}\" data-widget_type=\"heading.default\">\n\t\t\t\t<div class=\"elementor-widget-container\">\n\t\t\t<h2 class=\"elementor-heading-title elementor-size-default\">Contacto<\/h2>\t\t<\/div>\n\t\t\t\t<\/div>\n\t\t\t\t\t<\/div>\n\t\t<\/div>\n\t\t\t\t\t<\/div>\n\t\t<\/section>\n\t\t\t\t<section class=\"elementor-section elementor-top-section elementor-element elementor-element-468eb16 animated-fast elementor-section-boxed elementor-section-height-default elementor-section-height-default elementor-invisible\" data-id=\"468eb16\" data-element_type=\"section\" data-settings=\"{&quot;background_background&quot;:&quot;classic&quot;,&quot;shape_divider_bottom&quot;:&quot;arrow&quot;,&quot;animation&quot;:&quot;fadeIn&quot;}\">\n\t\t\t\t\t<div class=\"elementor-shape elementor-shape-bottom\" data-negative=\"false\">\n\t\t\t<svg xmlns=\"http:\/\/www.w3.org\/2000\/svg\" viewBox=\"0 0 700 10\" preserveAspectRatio=\"none\">\n\t<path class=\"elementor-shape-fill\" d=\"M350,10L340,0h20L350,10z\"\/>\n<\/svg>\t\t<\/div>\n\t\t\t\t\t<div class=\"elementor-container elementor-column-gap-wide\">\n\t\t\t\t\t<div class=\"elementor-column elementor-col-50 elementor-top-column elementor-element elementor-element-a89b920 elementor-invisible\" data-id=\"a89b920\" data-element_type=\"column\" data-settings=\"{&quot;animation&quot;:&quot;fadeInLeft&quot;,&quot;animation_delay&quot;:200}\">\n\t\t\t<div class=\"elementor-widget-wrap elementor-element-populated\">\n\t\t\t\t\t\t<div class=\"elementor-element elementor-element-fc5bbf5 elementor-widget elementor-widget-heading\" data-id=\"fc5bbf5\" data-element_type=\"widget\" data-widget_type=\"heading.default\">\n\t\t\t\t<div class=\"elementor-widget-container\">\n\t\t\t<h2 class=\"elementor-heading-title elementor-size-default\">Hotel Palacio de Samaniego 4*<br><br>Restaurante \"Tierra Y Vino\"<\/h2>\t\t<\/div>\n\t\t\t\t<\/div>\n\t\t\t\t<div class=\"elementor-element elementor-element-04913d9 elementor-widget elementor-widget-text-editor\" data-id=\"04913d9\" data-element_type=\"widget\" data-widget_type=\"text-editor.default\">\n\t\t\t\t<div class=\"elementor-widget-container\">\n\t\t\t\t\t\t\t<p class=\"p1\">Constitucion Kalea 12, 01307<br \/>Samaniego, Alava \u2013 Espa\u00f1a.<\/p>\t\t\t\t\t\t<\/div>\n\t\t\t\t<\/div>\n\t\t\t\t\t<\/div>\n\t\t<\/div>\n\t\t\t\t<div class=\"elementor-column elementor-col-50 elementor-top-column elementor-element elementor-element-6f055a5 elementor-invisible\" data-id=\"6f055a5\" data-element_type=\"column\" data-settings=\"{&quot;animation&quot;:&quot;fadeInLeft&quot;,&quot;animation_delay&quot;:400}\">\n\t\t\t<div class=\"elementor-widget-wrap elementor-element-populated\">\n\t\t\t\t\t\t<div class=\"elementor-element elementor-element-12efe4e elementor-widget elementor-widget-heading\" data-id=\"12efe4e\" data-element_type=\"widget\" data-widget_type=\"heading.default\">\n\t\t\t\t<div class=\"elementor-widget-container\">\n\t\t\t<h2 class=\"elementor-heading-title elementor-size-default\">Contacto<\/h2>\t\t<\/div>\n\t\t\t\t<\/div>\n\t\t\t\t<div class=\"elementor-element elementor-element-d9c9214 elementor-widget elementor-widget-text-editor\" data-id=\"d9c9214\" data-element_type=\"widget\" data-widget_type=\"text-editor.default\">\n\t\t\t\t<div class=\"elementor-widget-container\">\n\t\t\t\t\t\t\t<p class=\"p1\"><a class=\"phone-es\" style=\"font-family: Lato, sans-serif; font-size: 16px; font-style: normal; font-weight: 400; color: #fff;\" href=\"tel: +34945660000\" target=\"_blank\" rel=\"noopener\">+34 9 45 66 00 00\u00a0<\/a><\/p>\n<p class=\"p1\"><a class=\"mail-es\" style=\"font-family: Lato, sans-serif; font-size: 16px; font-style: normal; font-weight: 400; color: #fff;\" href=\"mailto: reservas@palaciodesamaniego.com\" target=\"_blank\" rel=\"noopener\">Reservas@palaciodesamaniego.com<\/a><\/p>\t\t\t\t\t\t<\/div>\n\t\t\t\t<\/div>\n\t\t\t\t\t<\/div>\n\t\t<\/div>\n\t\t\t\t\t<\/div>\n\t\t<\/section>\n\t\t\t\t<section class=\"elementor-section elementor-top-section elementor-element elementor-element-b73f688 elementor-section-boxed elementor-section-height-default elementor-section-height-default\" data-id=\"b73f688\" data-element_type=\"section\">\n\t\t\t\t\t\t<div class=\"elementor-container elementor-column-gap-default\">\n\t\t\t\t\t<div class=\"elementor-column elementor-col-100 elementor-top-column elementor-element elementor-element-dc4a1e0\" data-id=\"dc4a1e0\" data-element_type=\"column\">\n\t\t\t<div class=\"elementor-widget-wrap elementor-element-populated\">\n\t\t\t\t\t\t<div class=\"elementor-element elementor-element-dd07776 elementor-invisible elementor-widget elementor-widget-shortcode\" data-id=\"dd07776\" data-element_type=\"widget\" data-settings=\"{&quot;_animation&quot;:&quot;fadeInUp&quot;}\" data-widget_type=\"shortcode.default\">\n\t\t\t\t<div class=\"elementor-widget-container\">\n\t\t\t\t\t<div class=\"elementor-shortcode\">\n<div class=\"wpcf7 no-js\" id=\"wpcf7-f4964-o1\" lang=\"es-ES\" dir=\"ltr\">\n<div class=\"screen-reader-response\"><p role=\"status\" aria-live=\"polite\" aria-atomic=\"true\"><\/p> <ul><\/ul><\/div>\n<form action=\"\/es\/wp-json\/wp\/v2\/pages\/2674#wpcf7-f4964-o1\" method=\"post\" class=\"wpcf7-form init\" aria-label=\"Formulario de contacto\" novalidate=\"novalidate\" data-status=\"init\">\n<div style=\"display: none;\">\n<input type=\"hidden\" name=\"_wpcf7\" value=\"4964\" \/>\n<input type=\"hidden\" name=\"_wpcf7_version\" value=\"5.9.3\" \/>\n<input type=\"hidden\" name=\"_wpcf7_locale\" value=\"es_ES\" \/>\n<input type=\"hidden\" name=\"_wpcf7_unit_tag\" value=\"wpcf7-f4964-o1\" \/>\n<input type=\"hidden\" name=\"_wpcf7_container_post\" value=\"0\" \/>\n<input type=\"hidden\" name=\"_wpcf7_posted_data_hash\" value=\"\" \/>\n<\/div>\n<p><label> Nombre (*)<br \/>\n<span class=\"wpcf7-form-control-wrap\" data-name=\"your-name\"><input size=\"40\" class=\"wpcf7-form-control wpcf7-text wpcf7-validates-as-required\" aria-required=\"true\" aria-invalid=\"false\" value=\"\" type=\"text\" name=\"your-name\" \/><\/span> <\/label>\n<\/p>\n<p><label> Correo electr\u00f3nico (*)<br \/>\n<span class=\"wpcf7-form-control-wrap\" data-name=\"your-email\"><input size=\"40\" class=\"wpcf7-form-control wpcf7-email wpcf7-validates-as-required wpcf7-text wpcf7-validates-as-email\" aria-required=\"true\" aria-invalid=\"false\" value=\"\" type=\"email\" name=\"your-email\" \/><\/span> <\/label>\n<\/p>\n<p><label> N\u00famero de tel\u00e9fono<br \/>\n<span class=\"wpcf7-form-control-wrap\" data-name=\"phone\"><input size=\"40\" class=\"wpcf7-form-control wpcf7-text\" aria-invalid=\"false\" value=\"\" type=\"text\" name=\"phone\" \/><\/span> <\/label>\n<\/p>\n<p><label> Mensaje (*)<br \/>\n<span class=\"wpcf7-form-control-wrap\" data-name=\"your-message\"><textarea cols=\"40\" rows=\"10\" class=\"wpcf7-form-control wpcf7-textarea wpcf7-validates-as-required\" aria-required=\"true\" aria-invalid=\"false\" name=\"your-message\"><\/textarea><\/span> <\/label>\n<\/p>\n<p><input class=\"wpcf7-form-control wpcf7-submit has-spinner\" type=\"submit\" value=\"Enviar\" \/>\n<\/p><div class=\"wpcf7-response-output\" aria-hidden=\"true\"><\/div>\n<\/form>\n<\/div>\n<\/div>\n\t\t\t\t<\/div>\n\t\t\t\t<\/div>\n\t\t\t\t<div class=\"elementor-element elementor-element-b086500 elementor-widget elementor-widget-heading\" data-id=\"b086500\" data-element_type=\"widget\" data-widget_type=\"heading.default\">\n\t\t\t\t<div class=\"elementor-widget-container\">\n\t\t\t<h6 class=\"elementor-heading-title elementor-size-default\">La recogida y el tratamiento de sus datos personales los lleva a cabo Samaniego Luxury Resort, una sociedad de derecho espa\u00f1ol con domicilio social sito en Calle Constituci\u00f3n, n.\u00ba 12, 01307 Samaniego (\u00c1lava) y con n\u00famero de identificaci\u00f3n fiscal B-95.984.431 como responsable del tratamiento, con fines de gesti\u00f3n de su solicitud de contacto. Los datos solicitados son de car\u00e1cter obligatorio y necesarios para que podamos gestionar su solicitud. De conformidad con la normativa aplicable, en particular el Reglamento 2016\/679\/UE de 27 de abril de 2016, conocido como \u00abRGPD\u00bb, la recogida y el tratamiento de sus datos personales en el marco de este fin tienen por base legal el inter\u00e9s leg\u00edtimo (art\u00edculo 6.1.f del RGPD). Estos datos se conservan durante un periodo de 3 a\u00f1os necesario para cumplir los fines mencionados y teniendo en cuenta la normativa aplicable en materia de prescripci\u00f3n y las obligaciones legales de conservaci\u00f3n de determinados contratos\/datos. Los datos est\u00e1n destinados \u00fanicamente a Samaniego Luxury Resort. De conformidad con la legislaci\u00f3n vigente, usted tiene derecho a acceder, rectificar y suprimir sus datos, as\u00ed como derecho a la portabilidad y a limitar el tratamiento. Tambi\u00e9n tiene derecho a definir las directrices relativas al destino de sus datos personales tras su fallecimiento. Puede ejercer todos estos derechos envi\u00e1ndonos un correo electr\u00f3nico a la siguiente direcci\u00f3n: reservas@palaciodesamaniego.com o por correo postal a la siguiente direcci\u00f3n: PALACIO DE SAMANIEGO, Samaniego Luxury Resort, S.L.U., Calle Constituci\u00f3n n.\u00ba 12, 01307 Samaniego (\u00c1lava). Su solicitud debe ir acompa\u00f1ada de un justificante de identidad. Tambi\u00e9n tiene derecho a presentar una reclamaci\u00f3n ante la Agencia Espa\u00f1ola de Protecci\u00f3n de Datos (AEPD) a trav\u00e9s de su sitio web https:\/\/www.aepd.es\/es. Para obtener informaci\u00f3n sobre la protecci\u00f3n de datos personales, puede consultar el sitio web de la AEPD: <span style=\"font-weight:500;text-decoration: underline;\"><A href=\"https:\/\/www.aepd.es\/es\">https:\/\/www.aepd.es\/es<\/A><\/span>.<\/h6>\t\t<\/div>\n\t\t\t\t<\/div>\n\t\t\t\t\t<\/div>\n\t\t<\/div>\n\t\t\t\t\t<\/div>\n\t\t<\/section>\n\t\t\t\t<section class=\"elementor-section elementor-top-section elementor-element elementor-element-a6bc712 elementor-section-stretched elementor-section-boxed elementor-section-height-default elementor-section-height-default\" data-id=\"a6bc712\" data-element_type=\"section\" data-settings=\"{&quot;stretch_section&quot;:&quot;section-stretched&quot;,&quot;background_background&quot;:&quot;classic&quot;}\">\n\t\t\t\t\t\t<div class=\"elementor-container elementor-column-gap-default\">\n\t\t\t\t\t<div class=\"elementor-column elementor-col-100 elementor-top-column elementor-element elementor-element-9219fed\" data-id=\"9219fed\" data-element_type=\"column\">\n\t\t\t<div class=\"elementor-widget-wrap elementor-element-populated\">\n\t\t\t\t\t\t<section class=\"elementor-section elementor-inner-section elementor-element elementor-element-d549b5c elementor-section-boxed elementor-section-height-default elementor-section-height-default\" data-id=\"d549b5c\" data-element_type=\"section\">\n\t\t\t\t\t\t<div class=\"elementor-container elementor-column-gap-default\">\n\t\t\t\t\t<div class=\"elementor-column elementor-col-100 elementor-inner-column elementor-element elementor-element-304c3ce\" data-id=\"304c3ce\" data-element_type=\"column\">\n\t\t\t<div class=\"elementor-widget-wrap elementor-element-populated\">\n\t\t\t\t\t\t<div class=\"elementor-element elementor-element-8ad060d elementor-invisible elementor-widget elementor-widget-heading\" data-id=\"8ad060d\" data-element_type=\"widget\" data-settings=\"{&quot;_animation&quot;:&quot;fadeInUp&quot;}\" data-widget_type=\"heading.default\">\n\t\t\t\t<div class=\"elementor-widget-container\">\n\t\t\t<span class=\"elementor-heading-title elementor-size-default\"><p style=\"font-style: normal; font-variant-numeric: normal; font-variant-east-asian: normal; font-weight: 400; font-stretch: normal; font-size: 14px; line-height: normal; font-family: Marcellus; color: rgb(213, 0, 49); white-space: normal;\"><\/p><span style=\"color: rgb(205, 46, 68); font-family: Marcellus, sans-serif; font-size: 20px; font-style: normal; font-weight: 500; letter-spacing: 3px; text-transform: uppercase;\">Una regi\u00f3n natural bien preservada con un patrimonio vit\u00edcola \u00fanico<\/span><\/span>\t\t<\/div>\n\t\t\t\t<\/div>\n\t\t\t\t<div class=\"elementor-element elementor-element-315c151 elementor-invisible elementor-widget elementor-widget-heading\" data-id=\"315c151\" data-element_type=\"widget\" data-settings=\"{&quot;_animation&quot;:&quot;fadeInUp&quot;,&quot;_animation_delay&quot;:200}\" data-widget_type=\"heading.default\">\n\t\t\t\t<div class=\"elementor-widget-container\">\n\t\t\t<h2 class=\"elementor-heading-title elementor-size-default\">Aproveche su estancia para <span style=\"font-style:italic; font-weight: 500;color:#CD2E44\">descubrir los tesoros<\/span> de la primera <span style=\"font-style:italic; font-weight: 500; color:#CD2E44\">regi\u00f3n vit\u00edcola de Espa\u00f1a<\/span>.<\/h2>\t\t<\/div>\n\t\t\t\t<\/div>\n\t\t\t\t<div class=\"elementor-element elementor-element-3dc2650 elementor-invisible elementor-widget elementor-widget-text-editor\" data-id=\"3dc2650\" data-element_type=\"widget\" data-settings=\"{&quot;_animation&quot;:&quot;fadeInUp&quot;,&quot;_animation_delay&quot;:400}\" data-widget_type=\"text-editor.default\">\n\t\t\t\t<div class=\"elementor-widget-container\">\n\t\t\t\t\t\t\t<span style=\"color: #ffffff; font-family: Lato, sans-serif; font-size: 16px; font-style: normal; font-weight: 300; white-space: pre-wrap;\">Despierte los sentidos en un curso de cocina con nuestro chef, una cena privada en nuestra cava o una visita a nuestra bodega Mac\u00e1n.<\/span><span style=\"font-family: Lato, sans-serif; font-size: 16px; font-style: normal; font-weight: 300; white-space: pre-wrap; letter-spacing: 0px;\"> Explore las vi\u00f1as de los alrededores a pie o en bicicleta, disfrute de las espectaculares vistas de los vi\u00f1edos y pasee sin rumbo por los pueblos circundantes para descubrir la riqueza cultural de una regi\u00f3n que sigue conservando su esencia.<\/span>\t\t\t\t\t\t<\/div>\n\t\t\t\t<\/div>\n\t\t\t\t\t<\/div>\n\t\t<\/div>\n\t\t\t\t\t<\/div>\n\t\t<\/section>\n\t\t\t\t<div class=\"elementor-element elementor-element-b935356 elementor-invisible elementor-widget elementor-widget-hoteller-slider-synchronized-carousel\" data-id=\"b935356\" data-element_type=\"widget\" data-settings=\"{&quot;_animation&quot;:&quot;fadeIn&quot;,&quot;_animation_delay&quot;:800}\" data-widget_type=\"hoteller-slider-synchronized-carousel.default\">\n\t\t\t\t<div class=\"elementor-widget-container\">\n\t\t\t<div id=\"tg_synchronized_carousel_slider_b935356\" data-pagination=\"tg_synchronized_carousel_pagination_b935356\" class=\"tg_synchronized_carousel_slider_wrapper sliders-container\" data-countslide=\"4\" data-slidetitles=\"[&quot;Paseo por los vi\\u00f1edos&quot;,&quot;Ruta en kayak&quot;,&quot;Paseo a caballo&quot;,&quot;Vuelo en globo&quot;]\" data-slideimages=\"[&quot;https:\\\/\\\/www.palaciodesamaniego.com\\\/wp-content\\\/uploads\\\/2020\\\/11\\\/edrh-samaniego-palacio-desktop-activite-04.jpg&quot;,&quot;https:\\\/\\\/www.palaciodesamaniego.com\\\/wp-content\\\/uploads\\\/2020\\\/11\\\/edrh-samaniego-palacio-desktop-activite-01-1.jpg&quot;,&quot;https:\\\/\\\/www.palaciodesamaniego.com\\\/wp-content\\\/uploads\\\/2020\\\/11\\\/edrh-samaniego-palacio-desktop-activite-03.jpg&quot;,&quot;https:\\\/\\\/www.palaciodesamaniego.com\\\/wp-content\\\/uploads\\\/2020\\\/11\\\/edrh-samaniego-palacio-desktop-activite-02.jpg&quot;]\" data-slidebuttontitles=\"[&quot;Descubra la actividad&quot;,&quot;Descubra la actividad&quot;,&quot;Descubra la actividad&quot;,&quot;Descubra la actividad&quot;]\" data-slidebuttonurls=\"[&quot;\\\/es\\\/nuestras-actividades\\\/#activite-1&quot;,&quot;\\\/es\\\/nuestras-actividades\\\/#activite-2&quot;,&quot;\\\/es\\\/nuestras-actividades\\\/#activite-4&quot;,&quot;\\\/es\\\/nuestras-actividades\\\/#activite-4&quot;]\">\n\t<ul id=\"tg_synchronized_carousel_pagination_b935356\" class=\"tg_synchronized_carousel_pagination\">\n\t\n\t\t<li class=\"pagination__item\"><a class=\"pagination__button\"><\/a><\/li>\n\t\t<li class=\"pagination__item\"><a class=\"pagination__button\"><\/a><\/li>\n\t\t<li class=\"pagination__item\"><a class=\"pagination__button\"><\/a><\/li>\n\t\t<li class=\"pagination__item\"><a class=\"pagination__button\"><\/a><\/li>\n\t<\/ul>\n<\/div>\n<br class=\"clear\"\/>\n\t\t<\/div>\n\t\t\t\t<\/div>\n\t\t\t\t\t<\/div>\n\t\t<\/div>\n\t\t\t\t\t<\/div>\n\t\t<\/section>\n\t\t\t\t<\/div>\n\t\t","protected":false},"excerpt":{"rendered":"<p>Para cualquier solicitud Contacto Hotel Palacio de Samaniego 4* Restaurante \u00abTierra Y Vino\u00bb Constitucion Kalea 12, 01307 Samaniego, Alava \u2013 Espa\u00f1a. Contacto +34 9 45 66 00 00&nbsp; Reservas@palaciodesamaniego.com La recogida y el tratamiento de sus datos personales los lleva [&hellip;]<\/p>\n","protected":false},"author":3,"featured_media":0,"parent":0,"menu_order":0,"comment_status":"closed","ping_status":"closed","template":"","meta":{"footnotes":""},"yoast_head":"<!-- This site is optimized with the Yoast SEO plugin v22.4 - https:\/\/yoast.com\/wordpress\/plugins\/seo\/ -->\n<title>Contacto | Palacio de Samaniego Hotel Boutique de Lujo | Rioja Alavesa<\/title>\n<meta name=\"description\" content=\"Para cualquier informaci\u00f3n adicional, no dude en ponerse en contacto con nosotros. Palacio de Samaniego Hotel Boutique de Lujo\" \/>\n<meta name=\"robots\" content=\"index, follow, max-snippet:-1, max-image-preview:large, max-video-preview:-1\" \/>\n<link rel=\"canonical\" href=\"https:\/\/www.palaciodesamaniego.com\/fr\/contact\/\" \/>\n<meta property=\"og:locale\" content=\"es_ES\" \/>\n<meta property=\"og:type\" content=\"article\" \/>\n<meta property=\"og:title\" content=\"Contacto | Palacio de Samaniego Hotel Boutique de Lujo | Rioja Alavesa\" \/>\n<meta property=\"og:description\" content=\"Para cualquier informaci\u00f3n adicional, no dude en ponerse en contacto con nosotros. Palacio de Samaniego Hotel Boutique de Lujo\" \/>\n<meta property=\"og:url\" content=\"https:\/\/www.palaciodesamaniego.com\/fr\/contact\/\" \/>\n<meta property=\"og:site_name\" content=\"Accueil - Samaniego Palacio Edmond de Rothschild\" \/>\n<meta property=\"article:modified_time\" content=\"2022-04-05T03:25:09+00:00\" \/>\n<meta name=\"twitter:card\" content=\"summary_large_image\" \/>\n<meta name=\"twitter:label1\" content=\"Tiempo de lectura\" \/>\n\t<meta name=\"twitter:data1\" content=\"2 minutos\" \/>\n<script type=\"application\/ld+json\" class=\"yoast-schema-graph\">{\"@context\":\"https:\/\/schema.org\",\"@graph\":[{\"@type\":\"WebPage\",\"@id\":\"https:\/\/www.palaciodesamaniego.com\/fr\/contact\/\",\"url\":\"https:\/\/www.palaciodesamaniego.com\/fr\/contact\/\",\"name\":\"Contacto | Palacio de Samaniego Hotel Boutique de Lujo | Rioja Alavesa\",\"isPartOf\":{\"@id\":\"https:\/\/www.palaciodesamaniego.com\/fr\/#website\"},\"datePublished\":\"2020-10-28T15:25:10+00:00\",\"dateModified\":\"2022-04-05T03:25:09+00:00\",\"description\":\"Para cualquier informaci\u00f3n adicional, no dude en ponerse en contacto con nosotros. Palacio de Samaniego Hotel Boutique de Lujo\",\"breadcrumb\":{\"@id\":\"https:\/\/www.palaciodesamaniego.com\/fr\/contact\/#breadcrumb\"},\"inLanguage\":\"es\",\"potentialAction\":[{\"@type\":\"ReadAction\",\"target\":[\"https:\/\/www.palaciodesamaniego.com\/fr\/contact\/\"]}]},{\"@type\":\"BreadcrumbList\",\"@id\":\"https:\/\/www.palaciodesamaniego.com\/fr\/contact\/#breadcrumb\",\"itemListElement\":[{\"@type\":\"ListItem\",\"position\":1,\"name\":\"Accueil\",\"item\":\"https:\/\/www.palaciodesamaniego.com\/fr\/\"},{\"@type\":\"ListItem\",\"position\":2,\"name\":\"Contacto\"}]},{\"@type\":\"WebSite\",\"@id\":\"https:\/\/www.palaciodesamaniego.com\/fr\/#website\",\"url\":\"https:\/\/www.palaciodesamaniego.com\/fr\/\",\"name\":\"Accueil - Samaniego Palacio Edmond de Rothschild\",\"description\":\"\",\"potentialAction\":[{\"@type\":\"SearchAction\",\"target\":{\"@type\":\"EntryPoint\",\"urlTemplate\":\"https:\/\/www.palaciodesamaniego.com\/fr\/?s={search_term_string}\"},\"query-input\":\"required name=search_term_string\"}],\"inLanguage\":\"es\"}]}<\/script>\n<!-- \/ Yoast SEO plugin. -->","yoast_head_json":{"title":"Contacto | Palacio de Samaniego Hotel Boutique de Lujo | Rioja Alavesa","description":"Para cualquier informaci\u00f3n adicional, no dude en ponerse en contacto con nosotros. Palacio de Samaniego Hotel Boutique de Lujo","robots":{"index":"index","follow":"follow","max-snippet":"max-snippet:-1","max-image-preview":"max-image-preview:large","max-video-preview":"max-video-preview:-1"},"canonical":"https:\/\/www.palaciodesamaniego.com\/fr\/contact\/","og_locale":"es_ES","og_type":"article","og_title":"Contacto | Palacio de Samaniego Hotel Boutique de Lujo | Rioja Alavesa","og_description":"Para cualquier informaci\u00f3n adicional, no dude en ponerse en contacto con nosotros. Palacio de Samaniego Hotel Boutique de Lujo","og_url":"https:\/\/www.palaciodesamaniego.com\/fr\/contact\/","og_site_name":"Accueil - Samaniego Palacio Edmond de Rothschild","article_modified_time":"2022-04-05T03:25:09+00:00","twitter_card":"summary_large_image","twitter_misc":{"Tiempo de lectura":"2 minutos"},"schema":{"@context":"https:\/\/schema.org","@graph":[{"@type":"WebPage","@id":"https:\/\/www.palaciodesamaniego.com\/fr\/contact\/","url":"https:\/\/www.palaciodesamaniego.com\/fr\/contact\/","name":"Contacto | Palacio de Samaniego Hotel Boutique de Lujo | Rioja Alavesa","isPartOf":{"@id":"https:\/\/www.palaciodesamaniego.com\/fr\/#website"},"datePublished":"2020-10-28T15:25:10+00:00","dateModified":"2022-04-05T03:25:09+00:00","description":"Para cualquier informaci\u00f3n adicional, no dude en ponerse en contacto con nosotros. Palacio de Samaniego Hotel Boutique de Lujo","breadcrumb":{"@id":"https:\/\/www.palaciodesamaniego.com\/fr\/contact\/#breadcrumb"},"inLanguage":"es","potentialAction":[{"@type":"ReadAction","target":["https:\/\/www.palaciodesamaniego.com\/fr\/contact\/"]}]},{"@type":"BreadcrumbList","@id":"https:\/\/www.palaciodesamaniego.com\/fr\/contact\/#breadcrumb","itemListElement":[{"@type":"ListItem","position":1,"name":"Accueil","item":"https:\/\/www.palaciodesamaniego.com\/fr\/"},{"@type":"ListItem","position":2,"name":"Contacto"}]},{"@type":"WebSite","@id":"https:\/\/www.palaciodesamaniego.com\/fr\/#website","url":"https:\/\/www.palaciodesamaniego.com\/fr\/","name":"Accueil - Samaniego Palacio Edmond de Rothschild","description":"","potentialAction":[{"@type":"SearchAction","target":{"@type":"EntryPoint","urlTemplate":"https:\/\/www.palaciodesamaniego.com\/fr\/?s={search_term_string}"},"query-input":"required name=search_term_string"}],"inLanguage":"es"}]}},"_links":{"self":[{"href":"https:\/\/www.palaciodesamaniego.com\/es\/wp-json\/wp\/v2\/pages\/2674"}],"collection":[{"href":"https:\/\/www.palaciodesamaniego.com\/es\/wp-json\/wp\/v2\/pages"}],"about":[{"href":"https:\/\/www.palaciodesamaniego.com\/es\/wp-json\/wp\/v2\/types\/page"}],"author":[{"embeddable":true,"href":"https:\/\/www.palaciodesamaniego.com\/es\/wp-json\/wp\/v2\/users\/3"}],"replies":[{"embeddable":true,"href":"https:\/\/www.palaciodesamaniego.com\/es\/wp-json\/wp\/v2\/comments?post=2674"}],"version-history":[{"count":25,"href":"https:\/\/www.palaciodesamaniego.com\/es\/wp-json\/wp\/v2\/pages\/2674\/revisions"}],"predecessor-version":[{"id":6086,"href":"https:\/\/www.palaciodesamaniego.com\/es\/wp-json\/wp\/v2\/pages\/2674\/revisions\/6086"}],"wp:attachment":[{"href":"https:\/\/www.palaciodesamaniego.com\/es\/wp-json\/wp\/v2\/media?parent=2674"}],"curies":[{"name":"wp","href":"https:\/\/api.w.org\/{rel}","templated":true}]}}